    {"id":8,"date":"2017-07-25T08:36:46","date_gmt":"2017-07-25T08:36:46","guid":{"rendered":"https:\/\/www.happypanda.lv\/?page_id=8"},"modified":"2025-07-26T08:20:25","modified_gmt":"2025-07-26T08:20:25","slug":"o-nas","status":"publish","type":"page","link":"https:\/\/www.happypanda.lv\/ru\/o-nas","title":{"rendered":"\u041e \u043d\u0430\u0441"},"content":{"rendered":"<p><img loading=\"lazy\" decoding=\"async\" class=\"img-left alignnone wp-image-2970 size-full\" src=\"https:\/\/www.happypanda.lv\/wp-content\/uploads\/2025\/07\/photo_2025-07-23_17-42-11.jpg\" alt=\"\" width=\"1280\" height=\"853\" \/>\u041a\u0438\u0442\u0430\u0439\u0441\u043a\u0438\u0439 \u0440\u0435\u0441\u0442\u043e\u0440\u0430\u043d Happy Panda \u043f\u0440\u0435\u0434\u043b\u0430\u0433\u0430\u0435\u0442 \u0436\u0438\u0442\u0435\u043b\u044f\u043c \u0438 \u0433\u043e\u0441\u0442\u044f\u043c \u0414\u0430\u0443\u0433\u0430\u0432\u043f\u0438\u043b\u0441\u0430 \u043d\u0430\u0441\u043b\u0430\u0434\u0438\u0442\u044c\u0441\u044f \u0432\u043a\u0443\u0441\u043d\u044b\u043c\u0438 \u0442\u0440\u0430\u0434\u0438\u0446\u0438\u043e\u043d\u043d\u044b\u043c\u0438 \u0431\u043b\u044e\u0434\u0430\u043c\u0438 \u043a\u0438\u0442\u0430\u0439\u0441\u043a\u043e\u0439 \u043a\u0443\u0445\u043d\u0438.<\/p>\n<p>\u041a\u0438\u0442\u0430\u0439\u0441\u043a\u043e\u0439 \u043a\u0443\u0445\u043d\u0435 \u0431\u043e\u043b\u0435\u0435 \u0442\u0440\u0451\u0445 \u0442\u044b\u0441\u044f\u0447 \u043b\u0435\u0442. \u041f\u043e\u043b\u0442\u043e\u0440\u044b \u0442\u044b\u0441\u044f\u0447\u0438 \u043b\u0435\u0442 \u043d\u0430\u0437\u0430\u0434 \u0431\u044b\u043b\u0430 \u0441\u043e\u0441\u0442\u0430\u0432\u043b\u0435\u043d\u0430 \u043f\u0435\u0440\u0432\u0430\u044f \u043a\u0438\u0442\u0430\u0439\u0441\u043a\u0430\u044f \u043a\u0443\u043b\u0438\u043d\u0430\u0440\u043d\u0430\u044f \u043a\u043d\u0438\u0433\u0430. \u041a\u0443\u043b\u0438\u043d\u0430\u0440\u0438\u044f \u0432\u0441\u0435\u0433\u0434\u0430 \u0441\u0447\u0438\u0442\u0430\u043b\u0430\u0441\u044c \u0432 \u041a\u0438\u0442\u0430\u0435 \u0438\u0441\u043a\u0443\u0441\u0441\u0442\u0432\u043e\u043c, \u043a \u043f\u0440\u0438\u0433\u043e\u0442\u043e\u0432\u043b\u0435\u043d\u0438\u044e \u043f\u0438\u0449\u0438 \u0432\u0441\u0435\u0433\u0434\u0430 \u043e\u0442\u043d\u043e\u0441\u0438\u043b\u0438\u0441\u044c \u043e\u0447\u0435\u043d\u044c \u0441\u0435\u0440\u044c\u0451\u0437\u043d\u043e.<\/p>\n<p><img loading=\"lazy\" decoding=\"async\" class=\"img-right alignnone wp-image-2964 size-full\" src=\"https:\/\/www.happypanda.lv\/wp-content\/uploads\/2025\/07\/photo_2025-07-23_17-42-12-2.jpg\" alt=\"\" width=\"1280\" height=\"853\" \/>\u0412 \u041a\u0438\u0442\u0430\u0435 \u043d\u0435 \u0441\u0443\u0449\u0435\u0441\u0442\u0432\u0443\u0435\u0442 \u043f\u043e\u043d\u044f\u0442\u0438\u044f \u00ab\u043f\u0435\u0440\u0435\u043a\u0443\u0441\u0438\u0442\u044c\u00bb &#8212; \u0441\u0447\u0438\u0442\u0430\u0435\u0442\u0441\u044f, \u0447\u0442\u043e \u043f\u0438\u0449\u0430 \u043b\u044e\u0434\u044f\u043c \u043f\u043e\u0441\u043b\u0430\u043d\u0430 \u043d\u0435\u0431\u043e\u043c, \u043f\u043e\u044d\u0442\u043e\u043c\u0443 \u043a\u0430\u0436\u0434\u0430\u044f \u0442\u0440\u0430\u043f\u0435\u0437\u0430 &#8212; \u044d\u0442\u043e \u0441\u043e\u0431\u044b\u0442\u0438\u0435. \u041a\u0438\u0442\u0430\u0439\u0446\u044b \u0435\u0434\u044f\u0442 \u043c\u0435\u0434\u043b\u0435\u043d\u043d\u043e, \u043f\u043e\u043d\u0435\u043c\u043d\u043e\u0433\u0443, \u043d\u0430\u0441\u043b\u0430\u0436\u0434\u0430\u044f\u0441\u044c \u0432\u043a\u0443\u0441\u043e\u043c.<\/p>\n<p>\u041a\u0438\u0442\u0430\u0439\u0441\u043a\u0430\u044f \u043a\u0443\u0445\u043d\u044f \u2013 \u044d\u0442\u043e \u0432 \u043f\u0435\u0440\u0432\u0443\u044e \u043e\u0447\u0435\u0440\u0435\u0434\u044c \u0438\u0441\u043a\u0443\u0441\u0441\u0442\u0432\u043e \u043f\u043e\u0432\u0430\u0440\u0430. \u041c\u043d\u043e\u0433\u043e\u043e\u0431\u0440\u0430\u0437\u0438\u0435 \u0431\u043b\u044e\u0434 \u0438 \u0438\u0445 \u043e\u0441\u043e\u0431\u0435\u043d\u043d\u044b\u0439 \u0432\u043a\u0443\u0441 \u0434\u043e\u0441\u0442\u0438\u0433\u0430\u0435\u0442\u0441\u044f \u0441 \u043f\u043e\u043c\u043e\u0449\u044c\u044e \u0440\u0430\u0437\u043b\u0438\u0447\u043d\u044b\u0445 \u0441\u043f\u043e\u0441\u043e\u0431\u043e\u0432 \u043e\u0431\u0440\u0430\u0431\u043e\u0442\u043a\u0438 \u043f\u0440\u043e\u0434\u0443\u043a\u0442\u043e\u0432 \u0438 \u0438\u0445 \u0441\u043c\u0435\u0448\u0438\u0432\u0430\u043d\u0438\u044f.\u00a0\u0412 \u043a\u0438\u0442\u0430\u0439\u0441\u043a\u043e\u0439 \u0442\u0440\u0430\u0434\u0438\u0446\u0438\u0438 \u043f\u0440\u0438\u043d\u044f\u0442\u043e, \u0447\u0442\u043e\u0431\u044b \u043f\u0438\u0449\u0430 \u0431\u044b\u043b\u0430 \u043d\u0435 \u0442\u043e\u043b\u044c\u043a\u043e \u0432\u043a\u0443\u0441\u043d\u043e\u0439, \u043d\u043e \u0438 \u043f\u043e\u043b\u0435\u0437\u043d\u043e\u0439, \u0438 \u0434\u0430\u0436\u0435 \u043b\u0435\u0447\u0435\u0431\u043d\u043e\u0439.<\/p>\n<p><img loading=\"lazy\" decoding=\"async\" class=\"img-left alignnone wp-image-2943 size-full\" src=\"https:\/\/www.happypanda.lv\/wp-content\/uploads\/2025\/04\/photo_2025-06-14-15.23.31.jpeg\" alt=\"\" width=\"1280\" height=\"960\" \/>\u041e\u0433\u0440\u043e\u043c\u043d\u0430\u044f \u043f\u043e\u043f\u0443\u043b\u044f\u0440\u043d\u043e\u0441\u0442\u044c \u043a\u0438\u0442\u0430\u0439\u0441\u043a\u043e\u0439 \u043a\u0443\u0445\u043d\u0438 \u043f\u043e\u0440\u043e\u0434\u0438\u043b\u0430 \u0431\u043e\u043b\u044c\u0448\u043e\u0435 \u043a\u043e\u043b\u0438\u0447\u0435\u0441\u0442\u0432\u043e \u043a\u0438\u0442\u0430\u0439\u0441\u043a\u0438\u0445 \u0440\u0435\u0441\u0442\u043e\u0440\u0430\u043d\u043e\u0432 \u043f\u043e \u0432\u0441\u0435\u043c\u0443 \u043c\u0438\u0440\u0443. \u0411\u043b\u044e\u0434\u0430 \u043a\u0438\u0442\u0430\u0439\u0441\u043a\u043e\u0439 \u043a\u0443\u0445\u043d\u0438 \u043e\u0447\u0435\u043d\u044c \u0432\u043a\u0443\u0441\u043d\u044b \u0438 \u043f\u043e\u043b\u0435\u0437\u043d\u044b. \u041f\u0430\u043c\u044f\u0442\u0443\u044f \u043a\u0438\u0442\u0430\u0439\u0441\u043a\u0438\u0435 \u0442\u0440\u0430\u0434\u0438\u0446\u0438\u0438, \u0435\u0448\u044c\u0442\u0435 \u043d\u0435 \u0441\u043f\u0435\u0448\u0430, \u043d\u0430\u0441\u043b\u0430\u0436\u0434\u0430\u044f\u0441\u044c \u043c\u0430\u0441\u0442\u0435\u0440\u0441\u0442\u0432\u043e\u043c \u043f\u043e\u0432\u0430\u0440\u0430 \u0438 \u043d\u0435\u043f\u043e\u0432\u0442\u043e\u0440\u0438\u043c\u044b\u043c\u0438 \u0432\u043a\u0443\u0441\u043e\u0432\u044b\u043c\u0438 \u0441\u043e\u0447\u0435\u0442\u0430\u043d\u0438\u044f\u043c\u0438.<\/p>\n<p>\u041d\u0430\u0448 \u0448\u0435\u0444-\u043f\u043e\u0432\u0430\u0440 \u0438\u0437 \u041a\u0438\u0442\u0430\u044f \u043f\u043e\u0437\u0430\u0431\u043e\u0442\u0438\u0442\u0441\u044f \u043e \u0442\u043e\u043c, \u0447\u0442\u043e\u0431\u044b \u0432 \u0440\u0435\u0441\u0442\u043e\u0440\u0430\u043d\u0435 Happy Panda \u0412\u044b \u0441\u043c\u043e\u0433\u043b\u0438 \u043d\u0430\u0441\u043b\u0430\u0434\u0438\u0442\u044c\u0441\u044f \u0438\u0437\u044b\u0441\u043a\u0430\u043d\u043d\u044b\u043c\u0438 \u0431\u043b\u044e\u0434\u0430\u043c\u0438 \u0430\u0443\u0442\u0435\u043d\u0442\u0438\u0447\u043d\u043e\u0439 \u043a\u0438\u0442\u0430\u0439\u0441\u043a\u043e\u0439 \u043a\u0443\u0445\u043d\u0438, \u043f\u0440\u0438\u0433\u043e\u0442\u043e\u0432\u043b\u0435\u043d\u043d\u044b\u043c\u0438 \u0438\u0437 \u0442\u043e\u043b\u044c\u043a\u043e \u0441\u0432\u0435\u0436\u0438\u0445 \u0438 \u043a\u0430\u0447\u0435\u0441\u0442\u0432\u0435\u043d\u043d\u044b\u0445 \u043f\u0440\u043e\u0434\u0443\u043a\u0442\u043e\u0432.<\/p>\n<p>\u0411\u043e\u043b\u044c\u0448\u043e\u0435 \u0440\u0430\u0437\u043d\u043e\u043e\u0431\u0440\u0430\u0437\u0438\u0435 \u0431\u043b\u044e\u0434, \u0441\u044b\u0442\u043d\u044b\u0435 \u043f\u043e\u0440\u0446\u0438\u0438 \u0438 \u0430\u0442\u043c\u043e\u0441\u0444\u0435\u0440\u0430 \u0442\u0440\u0430\u0434\u0438\u0446\u0438\u043e\u043d\u043d\u043e\u0433\u043e \u043a\u0438\u0442\u0430\u0439\u0441\u043a\u043e\u0433\u043e \u0440\u0435\u0441\u0442\u043e\u0440\u0430\u043d\u0430 &#8212; \u044d\u0442\u043e \u0432\u0441\u0451 \u0436\u0434\u0451\u0442 \u0412\u0430\u0441 \u0432 \u0440\u0435\u0441\u0442\u043e\u0440\u0430\u043d\u0435 Happy Panda \u0432 \u0441\u0430\u043c\u043e\u043c \u0446\u0435\u043d\u0442\u0440\u0435 \u0414\u0430\u0443\u0433\u0430\u0432\u043f\u0438\u043b\u0441\u0430, \u0430 \u0442\u0430\u043a\u0436\u0435 \u0432 \u043d\u0430\u0448\u0435\u043c \u0444\u0438\u043b\u0438\u0430\u043b\u0435 \u0432 \u041b\u0438\u0442\u0432\u0435.<\/p>\n<p>Happy Panda \u0436\u0434\u0451\u0442 \u0412\u0430\u0441 \u0432 \u0433\u043e\u0441\u0442\u0438!<\/p>\n<p>&nbsp;<\/p>\n","protected":false},"excerpt":{"rendered":"<p>\u041a\u0438\u0442\u0430\u0439\u0441\u043a\u0438\u0439 \u0440\u0435\u0441\u0442\u043e\u0440\u0430\u043d Happy Panda \u043f\u0440\u0435\u0434\u043b\u0430\u0433\u0430\u0435\u0442 \u0436\u0438\u0442\u0435\u043b\u044f\u043c \u0438 \u0433\u043e\u0441\u0442\u044f\u043c \u0414\u0430\u0443\u0433\u0430\u0432\u043f\u0438\u043b\u0441\u0430 \u043d\u0430\u0441\u043b\u0430\u0434\u0438\u0442\u044c\u0441\u044f \u0432\u043a\u0443\u0441\u043d\u044b\u043c\u0438 \u0442\u0440\u0430\u0434\u0438\u0446\u0438\u043e\u043d\u043d\u044b\u043c\u0438 \u0431\u043b\u044e\u0434\u0430\u043c\u0438 \u043a\u0438\u0442\u0430\u0439\u0441\u043a\u043e\u0439 \u043a\u0443\u0445\u043d\u0438. \u041a\u0438\u0442\u0430\u0439\u0441\u043a\u043e\u0439 \u043a\u0443\u0445\u043d\u0435 \u0431\u043e\u043b\u0435\u0435 \u0442\u0440\u0451\u0445 \u0442\u044b\u0441\u044f\u0447 \u043b\u0435\u0442. \u041f\u043e\u043b\u0442\u043e\u0440\u044b \u0442\u044b\u0441\u044f\u0447\u0438 \u043b\u0435\u0442 \u043d\u0430\u0437\u0430\u0434 \u0431\u044b\u043b\u0430 \u0441\u043e\u0441\u0442\u0430\u0432\u043b\u0435\u043d\u0430 \u043f\u0435\u0440\u0432\u0430\u044f \u043a\u0438\u0442\u0430\u0439\u0441\u043a\u0430\u044f \u043a\u0443\u043b\u0438\u043d\u0430\u0440\u043d\u0430\u044f \u043a\u043d\u0438\u0433\u0430. \u041a\u0443\u043b\u0438\u043d\u0430\u0440\u0438\u044f \u0432\u0441\u0435\u0433\u0434\u0430 \u0441\u0447\u0438\u0442\u0430\u043b\u0430\u0441\u044c \u0432 \u041a\u0438\u0442\u0430\u0435 \u0438\u0441\u043a\u0443\u0441\u0441\u0442\u0432\u043e\u043c, \u043a \u043f\u0440\u0438\u0433\u043e\u0442\u043e\u0432\u043b\u0435\u043d\u0438\u044e \u043f\u0438\u0449\u0438 \u0432\u0441\u0435\u0433\u0434\u0430 \u043e\u0442\u043d\u043e\u0441\u0438\u043b\u0438\u0441\u044c \u043e\u0447\u0435\u043d\u044c \u0441\u0435\u0440\u044c\u0451\u0437\u043d\u043e. \u0412 \u041a\u0438\u0442\u0430\u0435 \u043d\u0435 \u0441\u0443\u0449\u0435\u0441\u0442\u0432\u0443\u0435\u0442 \u043f\u043e\u043d\u044f\u0442\u0438\u044f \u00ab\u043f\u0435\u0440\u0435\u043a\u0443\u0441\u0438\u0442\u044c\u00bb &#8212; \u0441\u0447\u0438\u0442\u0430\u0435\u0442\u0441\u044f, \u0447\u0442\u043e \u043f\u0438\u0449\u0430 \u043b\u044e\u0434\u044f\u043c &hellip; <a href=\"https:\/\/www.happypanda.lv\/ru\/o-nas\" class=\"more-link\" style=\"color: #2BAADF;\">Continue reading<\/a><\/p>\n","protected":false},"author":1,"featured_media":0,"parent":0,"menu_order":0,"comment_status":"closed","ping_status":"closed","template":"","meta":{"footnotes":""},"class_list":["post-8","page","type-page","status-publish","hentry"],"yoast_head":"<!-- This site is optimized with the Yoast SEO plugin v25.3 - https:\/\/yoast.com\/wordpress\/plugins\/seo\/ -->\n<title>\u041e \u043d\u0430\u0441 page 8<\/title>\n<meta name=\"description\" content=\"\u0412 \u043a\u0438\u0442\u0430\u0439\u0441\u043a\u043e\u043c \u0440\u0435\u0441\u0442\u043e\u0440\u0430\u043d\u0435 Happy Panda \u0432 \u0446\u0435\u043d\u0442\u0440\u0435 \u0414\u0430\u0443\u0433\u0430\u0432\u043f\u0438\u043b\u0441\u0430 \u0412\u0430\u0441 \u0436\u0434\u0451\u0442 \u0431\u043e\u043b\u044c\u0448\u043e\u0439 \u0432\u044b\u0431\u043e\u0440 \u0432\u043a\u0443\u0441\u043d\u044b\u0445 \u043a\u0438\u0442\u0430\u0439\u0441\u043a\u0438\u0445 \u0431\u043b\u044e\u0434, \u043f\u0440\u0438\u044f\u0442\u043d\u0430\u044f \u0432\u043e\u0441\u0442\u043e\u0447\u043d\u0430\u044f \u0430\u0442\u043c\u043e\u0441\u0444\u0435\u0440\u0430 \u0438 \u0432\u044b\u0433\u043e\u0434\u043d\u044b\u0435 \u043f\u0440\u0435\u0434\u043b\u043e\u0436\u0435\u043d\u0438\u044f., page2 8\" \/>\n<meta name=\"robots\" content=\"index, follow, max-snippet:-1, max-image-preview:large, max-video-preview:-1\" \/>\n<link rel=\"canonical\" href=\"https:\/\/www.happypanda.lv\/ru\/o-nas\" \/>\n<meta property=\"og:locale\" content=\"ru_RU\" \/>\n<meta property=\"og:type\" content=\"article\" \/>\n<meta property=\"og:title\" content=\"\u041e \u043d\u0430\u0441\" \/>\n<meta property=\"og:description\" content=\"\u0412 \u043a\u0438\u0442\u0430\u0439\u0441\u043a\u043e\u043c \u0440\u0435\u0441\u0442\u043e\u0440\u0430\u043d\u0435 Happy Panda \u0432 \u0446\u0435\u043d\u0442\u0440\u0435 \u0414\u0430\u0443\u0433\u0430\u0432\u043f\u0438\u043b\u0441\u0430 \u0412\u0430\u0441 \u0436\u0434\u0451\u0442 \u0431\u043e\u043b\u044c\u0448\u043e\u0439 \u0432\u044b\u0431\u043e\u0440 \u0432\u043a\u0443\u0441\u043d\u044b\u0445 \u043a\u0438\u0442\u0430\u0439\u0441\u043a\u0438\u0445 \u0431\u043b\u044e\u0434, \u043f\u0440\u0438\u044f\u0442\u043d\u0430\u044f \u0432\u043e\u0441\u0442\u043e\u0447\u043d\u0430\u044f \u0430\u0442\u043c\u043e\u0441\u0444\u0435\u0440\u0430 \u0438 \u0432\u044b\u0433\u043e\u0434\u043d\u044b\u0435 \u043f\u0440\u0435\u0434\u043b\u043e\u0436\u0435\u043d\u0438\u044f.\" \/>\n<meta property=\"og:url\" content=\"https:\/\/www.happypanda.lv\/ru\/o-nas\" \/>\n<meta property=\"og:site_name\" content=\"Happy Panda\" \/>\n<meta property=\"article:modified_time\" content=\"2025-07-26T08:20:25+00:00\" \/>\n<meta property=\"og:image\" content=\"https:\/\/www.happypanda.lv\/wp-content\/uploads\/2025\/07\/photo_2025-07-23_17-42-11.jpg\" \/>\n\t<meta property=\"og:image:width\" content=\"1280\" \/>\n\t<meta property=\"og:image:height\" content=\"853\" \/>\n\t<meta property=\"og:image:type\" content=\"image\/jpeg\" \/>\n<meta name=\"twitter:card\" content=\"summary_large_image\" \/>\n<meta name=\"twitter:label1\" content=\"\u041f\u0440\u0438\u043c\u0435\u0440\u043d\u043e\u0435 \u0432\u0440\u0435\u043c\u044f \u0434\u043b\u044f \u0447\u0442\u0435\u043d\u0438\u044f\" \/>\n\t<meta name=\"twitter:data1\" content=\"2 \u043c\u0438\u043d\u0443\u0442\u044b\" \/>\n<script type=\"application\/ld+json\" class=\"yoast-schema-graph\">{\"@context\":\"https:\/\/schema.org\",\"@graph\":[{\"@type\":\"WebPage\",\"@id\":\"https:\/\/www.happypanda.lv\/ru\/o-nas\",\"url\":\"https:\/\/www.happypanda.lv\/ru\/o-nas\",\"name\":\"\u041e \u043d\u0430\u0441\",\"isPartOf\":{\"@id\":\"https:\/\/www.happypanda.lv\/#website\"},\"primaryImageOfPage\":{\"@id\":\"https:\/\/www.happypanda.lv\/ru\/o-nas#primaryimage\"},\"image\":{\"@id\":\"https:\/\/www.happypanda.lv\/ru\/o-nas#primaryimage\"},\"thumbnailUrl\":\"https:\/\/www.happypanda.lv\/wp-content\/uploads\/2025\/07\/photo_2025-07-23_17-42-11.jpg\",\"datePublished\":\"2017-07-25T08:36:46+00:00\",\"dateModified\":\"2025-07-26T08:20:25+00:00\",\"description\":\"\u0412 \u043a\u0438\u0442\u0430\u0439\u0441\u043a\u043e\u043c \u0440\u0435\u0441\u0442\u043e\u0440\u0430\u043d\u0435 Happy Panda \u0432 \u0446\u0435\u043d\u0442\u0440\u0435 \u0414\u0430\u0443\u0433\u0430\u0432\u043f\u0438\u043b\u0441\u0430 \u0412\u0430\u0441 \u0436\u0434\u0451\u0442 \u0431\u043e\u043b\u044c\u0448\u043e\u0439 \u0432\u044b\u0431\u043e\u0440 \u0432\u043a\u0443\u0441\u043d\u044b\u0445 \u043a\u0438\u0442\u0430\u0439\u0441\u043a\u0438\u0445 \u0431\u043b\u044e\u0434, \u043f\u0440\u0438\u044f\u0442\u043d\u0430\u044f \u0432\u043e\u0441\u0442\u043e\u0447\u043d\u0430\u044f \u0430\u0442\u043c\u043e\u0441\u0444\u0435\u0440\u0430 \u0438 \u0432\u044b\u0433\u043e\u0434\u043d\u044b\u0435 \u043f\u0440\u0435\u0434\u043b\u043e\u0436\u0435\u043d\u0438\u044f.\",\"breadcrumb\":{\"@id\":\"https:\/\/www.happypanda.lv\/ru\/o-nas#breadcrumb\"},\"inLanguage\":\"ru-RU\",\"potentialAction\":[{\"@type\":\"ReadAction\",\"target\":[\"https:\/\/www.happypanda.lv\/ru\/o-nas\"]}]},{\"@type\":\"ImageObject\",\"inLanguage\":\"ru-RU\",\"@id\":\"https:\/\/www.happypanda.lv\/ru\/o-nas#primaryimage\",\"url\":\"https:\/\/www.happypanda.lv\/wp-content\/uploads\/2025\/07\/photo_2025-07-23_17-42-11.jpg\",\"contentUrl\":\"https:\/\/www.happypanda.lv\/wp-content\/uploads\/2025\/07\/photo_2025-07-23_17-42-11.jpg\"},{\"@type\":\"BreadcrumbList\",\"@id\":\"https:\/\/www.happypanda.lv\/ru\/o-nas#breadcrumb\",\"itemListElement\":[{\"@type\":\"ListItem\",\"position\":1,\"name\":\"Home\",\"item\":\"https:\/\/www.happypanda.lv\/ru\"},{\"@type\":\"ListItem\",\"position\":2,\"name\":\"\u041e \u043d\u0430\u0441\"}]},{\"@type\":\"WebSite\",\"@id\":\"https:\/\/www.happypanda.lv\/#website\",\"url\":\"https:\/\/www.happypanda.lv\/\",\"name\":\"Happy Panda\",\"description\":\"\u0136\u012aNIE\u0160U RESTOR\u0100NS\",\"potentialAction\":[{\"@type\":\"SearchAction\",\"target\":{\"@type\":\"EntryPoint\",\"urlTemplate\":\"https:\/\/www.happypanda.lv\/?s={search_term_string}\"},\"query-input\":{\"@type\":\"PropertyValueSpecification\",\"valueRequired\":true,\"valueName\":\"search_term_string\"}}],\"inLanguage\":\"ru-RU\"}]}<\/script>\n<!-- \/ Yoast SEO plugin. -->","yoast_head_json":{"title":"\u041e \u043d\u0430\u0441 page 8","description":"\u0412 \u043a\u0438\u0442\u0430\u0439\u0441\u043a\u043e\u043c \u0440\u0435\u0441\u0442\u043e\u0440\u0430\u043d\u0435 Happy Panda \u0432 \u0446\u0435\u043d\u0442\u0440\u0435 \u0414\u0430\u0443\u0433\u0430\u0432\u043f\u0438\u043b\u0441\u0430 \u0412\u0430\u0441 \u0436\u0434\u0451\u0442 \u0431\u043e\u043b\u044c\u0448\u043e\u0439 \u0432\u044b\u0431\u043e\u0440 \u0432\u043a\u0443\u0441\u043d\u044b\u0445 \u043a\u0438\u0442\u0430\u0439\u0441\u043a\u0438\u0445 \u0431\u043b\u044e\u0434, \u043f\u0440\u0438\u044f\u0442\u043d\u0430\u044f \u0432\u043e\u0441\u0442\u043e\u0447\u043d\u0430\u044f \u0430\u0442\u043c\u043e\u0441\u0444\u0435\u0440\u0430 \u0438 \u0432\u044b\u0433\u043e\u0434\u043d\u044b\u0435 \u043f\u0440\u0435\u0434\u043b\u043e\u0436\u0435\u043d\u0438\u044f., page2 8","robots":{"index":"index","follow":"follow","max-snippet":"max-snippet:-1","max-image-preview":"max-image-preview:large","max-video-preview":"max-video-preview:-1"},"canonical":"https:\/\/www.happypanda.lv\/ru\/o-nas","og_locale":"ru_RU","og_type":"article","og_title":"\u041e \u043d\u0430\u0441","og_description":"\u0412 \u043a\u0438\u0442\u0430\u0439\u0441\u043a\u043e\u043c \u0440\u0435\u0441\u0442\u043e\u0440\u0430\u043d\u0435 Happy Panda \u0432 \u0446\u0435\u043d\u0442\u0440\u0435 \u0414\u0430\u0443\u0433\u0430\u0432\u043f\u0438\u043b\u0441\u0430 \u0412\u0430\u0441 \u0436\u0434\u0451\u0442 \u0431\u043e\u043b\u044c\u0448\u043e\u0439 \u0432\u044b\u0431\u043e\u0440 \u0432\u043a\u0443\u0441\u043d\u044b\u0445 \u043a\u0438\u0442\u0430\u0439\u0441\u043a\u0438\u0445 \u0431\u043b\u044e\u0434, \u043f\u0440\u0438\u044f\u0442\u043d\u0430\u044f \u0432\u043e\u0441\u0442\u043e\u0447\u043d\u0430\u044f \u0430\u0442\u043c\u043e\u0441\u0444\u0435\u0440\u0430 \u0438 \u0432\u044b\u0433\u043e\u0434\u043d\u044b\u0435 \u043f\u0440\u0435\u0434\u043b\u043e\u0436\u0435\u043d\u0438\u044f.","og_url":"https:\/\/www.happypanda.lv\/ru\/o-nas","og_site_name":"Happy Panda","article_modified_time":"2025-07-26T08:20:25+00:00","og_image":[{"width":1280,"height":853,"url":"https:\/\/www.happypanda.lv\/wp-content\/uploads\/2025\/07\/photo_2025-07-23_17-42-11.jpg","type":"image\/jpeg"}],"twitter_card":"summary_large_image","twitter_misc":{"\u041f\u0440\u0438\u043c\u0435\u0440\u043d\u043e\u0435 \u0432\u0440\u0435\u043c\u044f \u0434\u043b\u044f \u0447\u0442\u0435\u043d\u0438\u044f":"2 \u043c\u0438\u043d\u0443\u0442\u044b"},"schema":{"@context":"https:\/\/schema.org","@graph":[{"@type":"WebPage","@id":"https:\/\/www.happypanda.lv\/ru\/o-nas","url":"https:\/\/www.happypanda.lv\/ru\/o-nas","name":"\u041e \u043d\u0430\u0441","isPartOf":{"@id":"https:\/\/www.happypanda.lv\/#website"},"primaryImageOfPage":{"@id":"https:\/\/www.happypanda.lv\/ru\/o-nas#primaryimage"},"image":{"@id":"https:\/\/www.happypanda.lv\/ru\/o-nas#primaryimage"},"thumbnailUrl":"https:\/\/www.happypanda.lv\/wp-content\/uploads\/2025\/07\/photo_2025-07-23_17-42-11.jpg","datePublished":"2017-07-25T08:36:46+00:00","dateModified":"2025-07-26T08:20:25+00:00","description":"\u0412 \u043a\u0438\u0442\u0430\u0439\u0441\u043a\u043e\u043c \u0440\u0435\u0441\u0442\u043e\u0440\u0430\u043d\u0435 Happy Panda \u0432 \u0446\u0435\u043d\u0442\u0440\u0435 \u0414\u0430\u0443\u0433\u0430\u0432\u043f\u0438\u043b\u0441\u0430 \u0412\u0430\u0441 \u0436\u0434\u0451\u0442 \u0431\u043e\u043b\u044c\u0448\u043e\u0439 \u0432\u044b\u0431\u043e\u0440 \u0432\u043a\u0443\u0441\u043d\u044b\u0445 \u043a\u0438\u0442\u0430\u0439\u0441\u043a\u0438\u0445 \u0431\u043b\u044e\u0434, \u043f\u0440\u0438\u044f\u0442\u043d\u0430\u044f \u0432\u043e\u0441\u0442\u043e\u0447\u043d\u0430\u044f \u0430\u0442\u043c\u043e\u0441\u0444\u0435\u0440\u0430 \u0438 \u0432\u044b\u0433\u043e\u0434\u043d\u044b\u0435 \u043f\u0440\u0435\u0434\u043b\u043e\u0436\u0435\u043d\u0438\u044f.","breadcrumb":{"@id":"https:\/\/www.happypanda.lv\/ru\/o-nas#breadcrumb"},"inLanguage":"ru-RU","potentialAction":[{"@type":"ReadAction","target":["https:\/\/www.happypanda.lv\/ru\/o-nas"]}]},{"@type":"ImageObject","inLanguage":"ru-RU","@id":"https:\/\/www.happypanda.lv\/ru\/o-nas#primaryimage","url":"https:\/\/www.happypanda.lv\/wp-content\/uploads\/2025\/07\/photo_2025-07-23_17-42-11.jpg","contentUrl":"https:\/\/www.happypanda.lv\/wp-content\/uploads\/2025\/07\/photo_2025-07-23_17-42-11.jpg"},{"@type":"BreadcrumbList","@id":"https:\/\/www.happypanda.lv\/ru\/o-nas#breadcrumb","itemListElement":[{"@type":"ListItem","position":1,"name":"Home","item":"https:\/\/www.happypanda.lv\/ru"},{"@type":"ListItem","position":2,"name":"\u041e \u043d\u0430\u0441"}]},{"@type":"WebSite","@id":"https:\/\/www.happypanda.lv\/#website","url":"https:\/\/www.happypanda.lv\/","name":"Happy Panda","description":"\u0136\u012aNIE\u0160U RESTOR\u0100NS","potentialAction":[{"@type":"SearchAction","target":{"@type":"EntryPoint","urlTemplate":"https:\/\/www.happypanda.lv\/?s={search_term_string}"},"query-input":{"@type":"PropertyValueSpecification","valueRequired":true,"valueName":"search_term_string"}}],"inLanguage":"ru-RU"}]}},"_links":{"self":[{"href":"https:\/\/www.happypanda.lv\/ru\/wp-json\/wp\/v2\/pages\/8","targetHints":{"allow":["GET"]}}],"collection":[{"href":"https:\/\/www.happypanda.lv\/ru\/wp-json\/wp\/v2\/pages"}],"about":[{"href":"https:\/\/www.happypanda.lv\/ru\/wp-json\/wp\/v2\/types\/page"}],"author":[{"embeddable":true,"href":"https:\/\/www.happypanda.lv\/ru\/wp-json\/wp\/v2\/users\/1"}],"replies":[{"embeddable":true,"href":"https:\/\/www.happypanda.lv\/ru\/wp-json\/wp\/v2\/comments?post=8"}],"version-history":[{"count":11,"href":"https:\/\/www.happypanda.lv\/ru\/wp-json\/wp\/v2\/pages\/8\/revisions"}],"predecessor-version":[{"id":2991,"href":"https:\/\/www.happypanda.lv\/ru\/wp-json\/wp\/v2\/pages\/8\/revisions\/2991"}],"wp:attachment":[{"href":"https:\/\/www.happypanda.lv\/ru\/wp-json\/wp\/v2\/media?parent=8"}],"curies":[{"name":"wp","href":"https:\/\/api.w.org\/{rel}","templated":true}]}}